{"id":4940,"date":"2022-08-15T07:43:46","date_gmt":"2022-08-15T07:43:46","guid":{"rendered":"https:\/\/enpulse.io\/?page_id=4940"},"modified":"2024-08-06T12:21:44","modified_gmt":"2024-08-06T10:21:44","slug":"newsletter","status":"publish","type":"page","link":"https:\/\/testing.enpulse.io\/en\/newsletter\/","title":{"rendered":"Newsletter"},"content":{"rendered":"\t\t<div data-elementor-type=\"wp-page\" data-elementor-id=\"4940\" class=\"elementor elementor-4940\" data-elementor-post-type=\"page\">\n\t\t\t\t<div class=\"elementor-element elementor-element-303c7bb e-flex e-con-boxed e-con e-parent\" data-id=\"303c7bb\" data-element_type=\"container\" data-e-type=\"container\" data-settings=\"{&quot;background_background&quot;:&quot;classic&quot;}\">\n\t\t\t\t\t<div class=\"e-con-inner\">\n\t\t\t\t<div class=\"elementor-element elementor-element-98cde56 elementor-widget elementor-widget-heading\" data-id=\"98cde56\" data-element_type=\"widget\" data-e-type=\"widget\" data-widget_type=\"heading.default\">\n\t\t\t\t<div class=\"elementor-widget-container\">\n\t\t\t\t\t<h5 class=\"elementor-heading-title elementor-size-default\">Bleib im Loop<\/h5>\t\t\t\t<\/div>\n\t\t\t\t<\/div>\n\t\t\t\t<div class=\"elementor-element elementor-element-97ca903 elementor-widget elementor-widget-text-editor\" data-id=\"97ca903\" data-element_type=\"widget\" data-e-type=\"widget\" data-widget_type=\"text-editor.default\">\n\t\t\t\t<div class=\"elementor-widget-container\">\n\t\t\t\t\t\t\t\t\tBleib auf dem Laufenden was unsere Ventures, <br>Innovationsprojekte und Insights angeht.\n\t\t\t\t\t\t\t\t<\/div>\n\t\t\t\t<\/div>\n\t\t\t\t<div class=\"elementor-element elementor-element-dd5df8c elementor-button-align-start elementor-widget elementor-widget-form\" data-id=\"dd5df8c\" data-element_type=\"widget\" data-e-type=\"widget\" data-settings=\"{&quot;step_next_label&quot;:&quot;N\\u00e4chster&quot;,&quot;step_previous_label&quot;:&quot;Voriger&quot;,&quot;button_width&quot;:&quot;100&quot;,&quot;step_type&quot;:&quot;number_text&quot;,&quot;step_icon_shape&quot;:&quot;circle&quot;}\" data-widget_type=\"form.default\">\n\t\t\t\t<div class=\"elementor-widget-container\">\n\t\t\t\t\t\t\t<form class=\"elementor-form\" method=\"post\" name=\"Neues Formular\">\n\t\t\t<input type=\"hidden\" name=\"post_id\" value=\"4940\"\/>\n\t\t\t<input type=\"hidden\" name=\"form_id\" value=\"dd5df8c\"\/>\n\t\t\t<input type=\"hidden\" name=\"referer_title\" value=\"Newsletter - Enpulse\" \/>\n\n\t\t\t\t\t\t\t<input type=\"hidden\" name=\"queried_id\" value=\"4940\"\/>\n\t\t\t\n\t\t\t<div class=\"elementor-form-fields-wrapper elementor-labels-above\">\n\t\t\t\t\t\t\t\t<div class=\"elementor-field-type-text elementor-field-group elementor-column elementor-field-group-name elementor-col-50\">\n\t\t\t\t\t\t\t\t\t\t\t\t\t<input size=\"1\" type=\"text\" name=\"form_fields[name]\" id=\"form-field-name\" class=\"elementor-field elementor-size-sm  elementor-field-textual\" placeholder=\"Vorname\">\n\t\t\t\t\t\t\t\t\t\t\t<\/div>\n\t\t\t\t\t\t\t\t<div class=\"elementor-field-type-text elementor-field-group elementor-column elementor-field-group-field_4639dc6 elementor-col-50\">\n\t\t\t\t\t\t\t\t\t\t\t\t\t<input size=\"1\" type=\"text\" name=\"form_fields[field_4639dc6]\" id=\"form-field-field_4639dc6\" class=\"elementor-field elementor-size-sm  elementor-field-textual\" placeholder=\"Nachname\">\n\t\t\t\t\t\t\t\t\t\t\t<\/div>\n\t\t\t\t\t\t\t\t<div class=\"elementor-field-type-email elementor-field-group elementor-column elementor-field-group-email elementor-col-50 elementor-field-required\">\n\t\t\t\t\t\t\t\t\t\t\t\t\t<input size=\"1\" type=\"email\" name=\"form_fields[email]\" id=\"form-field-email\" class=\"elementor-field elementor-size-sm  elementor-field-textual\" placeholder=\"E-Mail\" required=\"required\" aria-required=\"true\">\n\t\t\t\t\t\t\t\t\t\t\t<\/div>\n\t\t\t\t\t\t\t\t<div class=\"elementor-field-type-text elementor-field-group elementor-column elementor-field-group-field_d1924c6 elementor-col-50\">\n\t\t\t\t\t\t\t\t\t\t\t\t\t<input size=\"1\" type=\"text\" name=\"form_fields[field_d1924c6]\" id=\"form-field-field_d1924c6\" class=\"elementor-field elementor-size-sm  elementor-field-textual\" placeholder=\"Unternehmen\">\n\t\t\t\t\t\t\t\t\t\t\t<\/div>\n\t\t\t\t\t\t\t\t<div class=\"elementor-field-type-acceptance elementor-field-group elementor-column elementor-field-group-field_f1b05fd elementor-col-100 elementor-field-required\">\n\t\t\t\t\t\t\t<div class=\"elementor-field-subgroup\">\n\t\t\t<span class=\"elementor-field-option\">\n\t\t\t\t<input type=\"checkbox\" name=\"form_fields[field_f1b05fd]\" id=\"form-field-field_f1b05fd\" class=\"elementor-field elementor-size-sm  elementor-acceptance-field\" required=\"required\" aria-required=\"true\">\n\t\t\t\t<label for=\"form-field-field_f1b05fd\"><span style=\"font-weight:300; line-height:1.5\">Durch Angabe meiner E-Mail-Adresse und Anklicken des Buttons \u201eSenden\u201c erkl\u00e4re ich mich damit einverstanden, dass die Enpulse Ventures GmbH mir regelm\u00e4\u00dfig ein Newsletter mit den aktuellen Informationen per E-Mail zusendet. Ich kann den Erhalt des Newsletters jederzeit mit Wirkung f\u00fcr die Zukunft per E-Mail an hello@enpulse.io, \u00fcber die Homepage oder postalisch an Enpulse Ventures GmbH, Birkenwaldstra\u00dfe 34, 70191 Stuttgart abbestellen. Unsere allgemeinen Datenschutzhinweise und Hinweise zu deinen datenschutz\u00adrecht\u00adlichen Widerspruchsrecht findest du <a href=\"https:\/\/testing.enpulse.io\/datenschutzhinweise\">hier.<\/a><\/p><\/label>\t\t\t<\/span>\n\t\t<\/div>\n\t\t\t\t\t\t<\/div>\n\t\t\t\t\t\t\t\t<div class=\"elementor-field-group elementor-column elementor-field-type-submit elementor-col-100 e-form__buttons\">\n\t\t\t\t\t<button class=\"elementor-button elementor-size-md\" type=\"submit\">\n\t\t\t\t\t\t<span class=\"elementor-button-content-wrapper\">\n\t\t\t\t\t\t\t\t\t\t\t\t\t\t\t\t\t\t\t\t\t\t<span class=\"elementor-button-text\">Anmelden ><\/span>\n\t\t\t\t\t\t\t\t\t\t\t\t\t<\/span>\n\t\t\t\t\t<\/button>\n\t\t\t\t<\/div>\n\t\t\t<\/div>\n\t\t<\/form>\n\t\t\t\t\t\t<\/div>\n\t\t\t\t<\/div>\n\t\t\t\t\t<\/div>\n\t\t\t\t<\/div>\n\t\t\t\t<\/div>\n\t\t","protected":false},"excerpt":{"rendered":"<p>Bleib im Loop Bleib auf dem Laufenden was unsere Ventures, Innovationsprojekte und Insights angeht.<\/p>","protected":false},"author":4,"featured_media":0,"parent":0,"menu_order":0,"comment_status":"closed","ping_status":"closed","template":"","meta":{"_acf_changed":false,"footnotes":""},"class_list":["post-4940","page","type-page","status-publish","hentry"],"yoast_head":"<!-- This site is optimized with the Yoast SEO plugin v27.3 - https:\/\/yoast.com\/product\/yoast-seo-wordpress\/ -->\n<title>Newsletter - Enpulse<\/title>\n<meta name=\"robots\" content=\"noindex, follow, max-snippet:-1, max-image-preview:large, max-video-preview:-1\" \/>\n<meta property=\"og:locale\" content=\"en_US\" \/>\n<meta property=\"og:type\" content=\"article\" \/>\n<meta property=\"og:title\" content=\"Newsletter - Enpulse\" \/>\n<meta property=\"og:description\" content=\"Bleib im Loop Bleib auf dem Laufenden was unsere Ventures, Innovationsprojekte und Insights angeht.\" \/>\n<meta property=\"og:url\" content=\"https:\/\/testing.enpulse.io\/en\/newsletter\/\" \/>\n<meta property=\"og:site_name\" content=\"Enpulse\" \/>\n<meta property=\"article:modified_time\" content=\"2024-08-06T10:21:44+00:00\" \/>\n<meta name=\"twitter:card\" content=\"summary_large_image\" \/>\n<meta name=\"twitter:label1\" content=\"Est. reading time\" \/>\n\t<meta name=\"twitter:data1\" content=\"1 minute\" \/>\n<script type=\"application\/ld+json\" class=\"yoast-schema-graph\">{\"@context\":\"https:\\\/\\\/schema.org\",\"@graph\":[{\"@type\":\"WebPage\",\"@id\":\"https:\\\/\\\/testing.enpulse.io\\\/newsletter\\\/\",\"url\":\"https:\\\/\\\/testing.enpulse.io\\\/newsletter\\\/\",\"name\":\"Newsletter - Enpulse\",\"isPartOf\":{\"@id\":\"https:\\\/\\\/testing.enpulse.io\\\/#website\"},\"datePublished\":\"2022-08-15T07:43:46+00:00\",\"dateModified\":\"2024-08-06T10:21:44+00:00\",\"breadcrumb\":{\"@id\":\"https:\\\/\\\/testing.enpulse.io\\\/newsletter\\\/#breadcrumb\"},\"inLanguage\":\"en-US\",\"potentialAction\":[{\"@type\":\"ReadAction\",\"target\":[\"https:\\\/\\\/testing.enpulse.io\\\/newsletter\\\/\"]}]},{\"@type\":\"BreadcrumbList\",\"@id\":\"https:\\\/\\\/testing.enpulse.io\\\/newsletter\\\/#breadcrumb\",\"itemListElement\":[{\"@type\":\"ListItem\",\"position\":1,\"name\":\"Startseite\",\"item\":\"https:\\\/\\\/testing.enpulse.io\\\/\"},{\"@type\":\"ListItem\",\"position\":2,\"name\":\"Newsletter\"}]},{\"@type\":\"WebSite\",\"@id\":\"https:\\\/\\\/testing.enpulse.io\\\/#website\",\"url\":\"https:\\\/\\\/testing.enpulse.io\\\/\",\"name\":\"Enpulse\",\"description\":\"\",\"publisher\":{\"@id\":\"https:\\\/\\\/testing.enpulse.io\\\/#organization\"},\"potentialAction\":[{\"@type\":\"SearchAction\",\"target\":{\"@type\":\"EntryPoint\",\"urlTemplate\":\"https:\\\/\\\/testing.enpulse.io\\\/?s={search_term_string}\"},\"query-input\":{\"@type\":\"PropertyValueSpecification\",\"valueRequired\":true,\"valueName\":\"search_term_string\"}}],\"inLanguage\":\"en-US\"},{\"@type\":\"Organization\",\"@id\":\"https:\\\/\\\/testing.enpulse.io\\\/#organization\",\"name\":\"Enpulse\",\"url\":\"https:\\\/\\\/testing.enpulse.io\\\/\",\"logo\":{\"@type\":\"ImageObject\",\"inLanguage\":\"en-US\",\"@id\":\"https:\\\/\\\/testing.enpulse.io\\\/#\\\/schema\\\/logo\\\/image\\\/\",\"url\":\"https:\\\/\\\/testing.enpulse.io\\\/wp-content\\\/uploads\\\/2022\\\/03\\\/logo.svg\",\"contentUrl\":\"https:\\\/\\\/testing.enpulse.io\\\/wp-content\\\/uploads\\\/2022\\\/03\\\/logo.svg\",\"width\":1081,\"height\":300,\"caption\":\"Enpulse\"},\"image\":{\"@id\":\"https:\\\/\\\/testing.enpulse.io\\\/#\\\/schema\\\/logo\\\/image\\\/\"}}]}<\/script>\n<!-- \/ Yoast SEO plugin. -->","yoast_head_json":{"title":"Newsletter - Enpulse","robots":{"index":"noindex","follow":"follow","max-snippet":"max-snippet:-1","max-image-preview":"max-image-preview:large","max-video-preview":"max-video-preview:-1"},"og_locale":"en_US","og_type":"article","og_title":"Newsletter - Enpulse","og_description":"Bleib im Loop Bleib auf dem Laufenden was unsere Ventures, Innovationsprojekte und Insights angeht.","og_url":"https:\/\/testing.enpulse.io\/en\/newsletter\/","og_site_name":"Enpulse","article_modified_time":"2024-08-06T10:21:44+00:00","twitter_card":"summary_large_image","twitter_misc":{"Est. reading time":"1 minute"},"schema":{"@context":"https:\/\/schema.org","@graph":[{"@type":"WebPage","@id":"https:\/\/testing.enpulse.io\/newsletter\/","url":"https:\/\/testing.enpulse.io\/newsletter\/","name":"Newsletter - Enpulse","isPartOf":{"@id":"https:\/\/testing.enpulse.io\/#website"},"datePublished":"2022-08-15T07:43:46+00:00","dateModified":"2024-08-06T10:21:44+00:00","breadcrumb":{"@id":"https:\/\/testing.enpulse.io\/newsletter\/#breadcrumb"},"inLanguage":"en-US","potentialAction":[{"@type":"ReadAction","target":["https:\/\/testing.enpulse.io\/newsletter\/"]}]},{"@type":"BreadcrumbList","@id":"https:\/\/testing.enpulse.io\/newsletter\/#breadcrumb","itemListElement":[{"@type":"ListItem","position":1,"name":"Startseite","item":"https:\/\/testing.enpulse.io\/"},{"@type":"ListItem","position":2,"name":"Newsletter"}]},{"@type":"WebSite","@id":"https:\/\/testing.enpulse.io\/#website","url":"https:\/\/testing.enpulse.io\/","name":"Enpulse","description":"","publisher":{"@id":"https:\/\/testing.enpulse.io\/#organization"},"potentialAction":[{"@type":"SearchAction","target":{"@type":"EntryPoint","urlTemplate":"https:\/\/testing.enpulse.io\/?s={search_term_string}"},"query-input":{"@type":"PropertyValueSpecification","valueRequired":true,"valueName":"search_term_string"}}],"inLanguage":"en-US"},{"@type":"Organization","@id":"https:\/\/testing.enpulse.io\/#organization","name":"Enpulse","url":"https:\/\/testing.enpulse.io\/","logo":{"@type":"ImageObject","inLanguage":"en-US","@id":"https:\/\/testing.enpulse.io\/#\/schema\/logo\/image\/","url":"https:\/\/testing.enpulse.io\/wp-content\/uploads\/2022\/03\/logo.svg","contentUrl":"https:\/\/testing.enpulse.io\/wp-content\/uploads\/2022\/03\/logo.svg","width":1081,"height":300,"caption":"Enpulse"},"image":{"@id":"https:\/\/testing.enpulse.io\/#\/schema\/logo\/image\/"}}]}},"acf":[],"_links":{"self":[{"href":"https:\/\/testing.enpulse.io\/en\/wp-json\/wp\/v2\/pages\/4940","targetHints":{"allow":["GET"]}}],"collection":[{"href":"https:\/\/testing.enpulse.io\/en\/wp-json\/wp\/v2\/pages"}],"about":[{"href":"https:\/\/testing.enpulse.io\/en\/wp-json\/wp\/v2\/types\/page"}],"author":[{"embeddable":true,"href":"https:\/\/testing.enpulse.io\/en\/wp-json\/wp\/v2\/users\/4"}],"replies":[{"embeddable":true,"href":"https:\/\/testing.enpulse.io\/en\/wp-json\/wp\/v2\/comments?post=4940"}],"version-history":[{"count":0,"href":"https:\/\/testing.enpulse.io\/en\/wp-json\/wp\/v2\/pages\/4940\/revisions"}],"wp:attachment":[{"href":"https:\/\/testing.enpulse.io\/en\/wp-json\/wp\/v2\/media?parent=4940"}],"curies":[{"name":"wp","href":"https:\/\/api.w.org\/{rel}","templated":true}]}}