{"id":14278,"date":"2024-08-30T12:43:25","date_gmt":"2024-08-30T10:43:25","guid":{"rendered":"https:\/\/enpulse.io\/?page_id=14278"},"modified":"2024-08-30T12:50:50","modified_gmt":"2024-08-30T10:50:50","slug":"zahlerfreunde-team-lead-growth","status":"publish","type":"page","link":"https:\/\/testing.enpulse.io\/en\/zahlerfreunde-team-lead-growth\/","title":{"rendered":"Z\u00e4hlerfreunde Team Lead Growth"},"content":{"rendered":"\t\t<div data-elementor-type=\"wp-page\" data-elementor-id=\"14278\" class=\"elementor elementor-14278\" data-elementor-post-type=\"page\">\n\t\t\t\t<div class=\"elementor-element elementor-element-3f8c5885 e-flex e-con-boxed e-con e-parent\" data-id=\"3f8c5885\" data-element_type=\"container\" data-e-type=\"container\">\n\t\t\t\t\t<div class=\"e-con-inner\">\n\t\t<div class=\"elementor-element elementor-element-37c5d9da grid-width white outlined e-flex e-con-boxed e-con e-child\" data-id=\"37c5d9da\" data-element_type=\"container\" data-e-type=\"container\">\n\t\t\t\t\t<div class=\"e-con-inner\">\n\t\t\t\t<div class=\"elementor-element elementor-element-abc0fba elementor-align-left p1 trim  elementor-widget elementor-widget-button\" data-id=\"abc0fba\" data-element_type=\"widget\" data-e-type=\"widget\" data-widget_type=\"button.default\">\n\t\t\t\t<div class=\"elementor-widget-container\">\n\t\t\t\t\t\t\t\t\t<div class=\"elementor-button-wrapper\">\n\t\t\t\t\t<a class=\"elementor-button elementor-button-link elementor-size-sm\" href=\"https:\/\/testing.enpulse.io\/jobs\/#jobs\">\n\t\t\t\t\t\t<span class=\"elementor-button-content-wrapper\">\n\t\t\t\t\t\t\t\t\t<span class=\"elementor-button-text\">Zur\u00fcck zur \u00dcbersicht<\/span>\n\t\t\t\t\t<\/span>\n\t\t\t\t\t<\/a>\n\t\t\t\t<\/div>\n\t\t\t\t\t\t\t\t<\/div>\n\t\t\t\t<\/div>\n\t\t\t\t\t<\/div>\n\t\t\t\t<\/div>\n\t\t\t\t\t<\/div>\n\t\t\t\t<\/div>\n\t\t<div class=\"elementor-element elementor-element-4dab8e45 e-flex e-con-boxed e-con e-parent\" data-id=\"4dab8e45\" data-element_type=\"container\" data-e-type=\"container\">\n\t\t\t\t\t<div class=\"e-con-inner\">\n\t\t<div class=\"elementor-element elementor-element-474bcf8d white outlined grid-height e-flex e-con-boxed e-con e-child\" data-id=\"474bcf8d\" data-element_type=\"container\" data-e-type=\"container\">\n\t\t\t\t\t<div class=\"e-con-inner\">\n\t\t\t\t<div class=\"elementor-element elementor-element-2cb2721a h1 trim elementor-widget elementor-widget-heading\" data-id=\"2cb2721a\" data-element_type=\"widget\" data-e-type=\"widget\" id=\"job_position_title_source\" data-widget_type=\"heading.default\">\n\t\t\t\t<div class=\"elementor-widget-container\">\n\t\t\t\t\t<h2 class=\"elementor-heading-title elementor-size-default\">Team Lead Growth (m\/w\/x)\u200b<\/h2>\t\t\t\t<\/div>\n\t\t\t\t<\/div>\n\t\t\t\t<div class=\"elementor-element elementor-element-16466238 p1 trim elementor-widget elementor-widget-text-editor\" data-id=\"16466238\" data-element_type=\"widget\" data-e-type=\"widget\" data-widget_type=\"text-editor.default\">\n\t\t\t\t<div class=\"elementor-widget-container\">\n\t\t\t\t\t\t\t\t\t<b>Start: <\/b><span style=\"font-weight: 400;\">Oktober 2024<\/span>\n<br><br>\n\n<span style=\"font-weight: 400;\">Wer sind wir?\nWir sind ein junges Cleantech-Startup aus M\u00fcnchen, welches eine Software f\u00fcr intelligente Stromz\u00e4hler, dynamische Stromtarife und andere IoT Ger\u00e4te entwickelt hat. Unsere Mission ist es, durch zweckorientierte Datenanalysen Funktionen zu entwickeln, die Unternehmen und Haushalten dabei helfen Energie, Kosten und CO2 zu sparen. Dabei liegt der Fokus auf einer White-Label L\u00f6sung f\u00fcr Stadtwerke, Mieterstromanbieter, Messstellenbetreiber, Netzbetreiber und Co.<br><br>Hinter Z\u00e4hlerfreunde steckt eine Truppe technologie- und nachhaltigkeitbegeisterter Pers\u00f6nlichkeiten. Wir sind davon \u00fcberzeugt, dass IT-Plattformen nicht nur wirtschaftlich attraktiv sein sollten, sondern auch aktiv zu einer besseren Welt beitragen m\u00fcssen.<\/span><br><br>\n\n<span style=\"font-weight: 400;\">Hier findest du noch mehr Infos zu uns:\u00a0<\/span>\n\n<span style=\"font-weight: 400;\">\u00a0<\/span>\n\n<a href=\"https:\/\/www.zaehlerfreunde.de\/about\"><span style=\"font-weight: 400;\">https:\/\/www.zaehlerfreunde.de\/about<\/span><\/a>\n\n<span style=\"font-weight: 400;\">\u00a0<\/span>\t\t\t\t\t\t\t\t<\/div>\n\t\t\t\t<\/div>\n\t\t\t\t<div class=\"elementor-element elementor-element-50099a50 h2 trim elementor-widget elementor-widget-heading\" data-id=\"50099a50\" data-element_type=\"widget\" data-e-type=\"widget\" data-widget_type=\"heading.default\">\n\t\t\t\t<div class=\"elementor-widget-container\">\n\t\t\t\t\t<h2 class=\"elementor-heading-title elementor-size-default\">Job Beschreibung<\/h2>\t\t\t\t<\/div>\n\t\t\t\t<\/div>\n\t\t\t\t<div class=\"elementor-element elementor-element-4e30757e p1 trim elementor-widget elementor-widget-text-editor\" data-id=\"4e30757e\" data-element_type=\"widget\" data-e-type=\"widget\" data-widget_type=\"text-editor.default\">\n\t\t\t\t<div class=\"elementor-widget-container\">\n\t\t\t\t\t\t\t\t\t<ul>\n \t<li>Strukturiere unser Sales Team, koordiniere T\u00e4tigkeiten und etabliere neue Prozesse\n<\/li>\n \t<li aria-level=\"1\">Nutze deine Kommunikationsf\u00e4higkeit um unsere White-Label L\u00f6sung zu vertreiben. Du bist auf jeder Messe vertreten und repr\u00e4sentierst Z\u00e4hlerfreunde mit allem was du hast!\n<\/li>\n \t<li aria-level=\"1\">Fahre pers\u00f6nlich zu Kunden und \u00fcberzeuge Sie mit einer Demo von unserer L\u00f6sung\n<\/li><li>Account Management und Customer Success garantieren \n<\/li>\n<\/ul>\t\t\t\t\t\t\t\t<\/div>\n\t\t\t\t<\/div>\n\t\t\t\t<div class=\"elementor-element elementor-element-22d97e1a h2 trim elementor-widget elementor-widget-heading\" data-id=\"22d97e1a\" data-element_type=\"widget\" data-e-type=\"widget\" data-widget_type=\"heading.default\">\n\t\t\t\t<div class=\"elementor-widget-container\">\n\t\t\t\t\t<h2 class=\"elementor-heading-title elementor-size-default\">Wir suchen dich, wenn du<\/h2>\t\t\t\t<\/div>\n\t\t\t\t<\/div>\n\t\t\t\t<div class=\"elementor-element elementor-element-6954bf7f p1 trim elementor-widget elementor-widget-text-editor\" data-id=\"6954bf7f\" data-element_type=\"widget\" data-e-type=\"widget\" data-widget_type=\"text-editor.default\">\n\t\t\t\t<div class=\"elementor-widget-container\">\n\t\t\t\t\t\t\t\t\t<ul>\n \t<li>Mindestens 5 Jahre in der Energiewirtschaft t\u00e4tig bist und die Welt in und auswendig kennst\n<\/li>\n \t<li aria-level=\"1\">Auf ein starkes Netzwerk zur\u00fcckgreifen kannst\n<\/li>\n \t<li aria-level=\"1\">Energie\/Nachhaltigkeit und Startup begeistert bist\n<\/li>\n \t<li aria-level=\"1\">Eigenverantwortlich arbeiten kannst (sei kreativ und schlage proaktiv Projekte vor die du selbstst\u00e4ndig umsetzen m\u00f6chtest) \n<\/li>\n \t<li aria-level=\"1\">Der deutschen Sprache m\u00e4chtig bist (C1)\n<\/li>\n \t<li>Technische Affinit\u00e4t besitzt \n<\/li>\n \t<li aria-level=\"1\">Die Energiewende vorantreiben willst\n<\/li>\n<\/ul>\t\t\t\t\t\t\t\t<\/div>\n\t\t\t\t<\/div>\n\t\t\t\t<div class=\"elementor-element elementor-element-76ba0d00 h2 trim spielwiese elementor-widget elementor-widget-heading\" data-id=\"76ba0d00\" data-element_type=\"widget\" data-e-type=\"widget\" data-widget_type=\"heading.default\">\n\t\t\t\t<div class=\"elementor-widget-container\">\n\t\t\t\t\t<h2 class=\"elementor-heading-title elementor-size-default\">Das bieten wir<\/h2>\t\t\t\t<\/div>\n\t\t\t\t<\/div>\n\t\t\t\t<div class=\"elementor-element elementor-element-4826f8d1 p1 trim spielwiese elementor-widget elementor-widget-text-editor\" data-id=\"4826f8d1\" data-element_type=\"widget\" data-e-type=\"widget\" data-widget_type=\"text-editor.default\">\n\t\t\t\t<div class=\"elementor-widget-container\">\n\t\t\t\t\t\t\t\t\t<ul>\n \t<li>Remote oder B\u00fcro &#8211; solange du deine Ziele erreichst, kannst du dir deinen Arbeitsplatz beliebig aussuchen. Unser B\u00fcro befindet sich im Start-Up Hotspot #1, im Werk1 &#8211; Werksviertel Ostbahnhof M\u00fcnchen. \ud83d\ude42<\/li>\n \t<li aria-level=\"1\">Die M\u00f6glichkeit, ein fester Bestandteil unseres Teams zu werden und die Zukunft der Z\u00e4hlerfreunde entscheidend mitzugestalten.<\/li>\n \t<li aria-level=\"1\">Arbeite Seite an Seite mit den Gr\u00fcndern<\/li>\n \t<li aria-level=\"1\">Attraktive Provisionsregelungen \n<\/li>\n \t<li aria-level=\"1\">Flache Hierarchien: Egal ob Praktikant oder CEO, wir verst\u00e4ndigen uns auf Augenh\u00f6he.\n<\/li>\t\t\t\t\t\t\t\t<\/div>\n\t\t\t\t<\/div>\n\t\t\t\t<div class=\"elementor-element elementor-element-122e1b9f h2 trim profil elementor-widget elementor-widget-heading\" data-id=\"122e1b9f\" data-element_type=\"widget\" data-e-type=\"widget\" data-widget_type=\"heading.default\">\n\t\t\t\t<div class=\"elementor-widget-container\">\n\t\t\t\t\t<h2 class=\"elementor-heading-title elementor-size-default\">Wir freuen uns dich kennenzulernen:<\/h2>\t\t\t\t<\/div>\n\t\t\t\t<\/div>\n\t\t\t\t<div class=\"elementor-element elementor-element-465d1870 p1 trim profil elementor-widget elementor-widget-text-editor\" data-id=\"465d1870\" data-element_type=\"widget\" data-e-type=\"widget\" data-widget_type=\"text-editor.default\">\n\t\t\t\t<div class=\"elementor-widget-container\">\n\t\t\t\t\t\t\t\t\t<span style=\"font-weight: 400;\">Bewerbungen mit Lebenslauf an <a href=\"mailto:hiring@zaehlerfreunde.com\">hiring@zaehlerfreunde.com<\/a> oder \u00fcber <a href=\"https:\/\/www.linkedin.com\/jobs\/view\/4003289668\/\">LinkedIn<\/a>.<\/span>\t\t\t\t\t\t\t\t<\/div>\n\t\t\t\t<\/div>\n\t\t\t\t<div class=\"elementor-element elementor-element-45047108 elementor-hidden-desktop elementor-hidden-laptop elementor-hidden-tablet elementor-hidden-mobile_extra elementor-hidden-mobile elementor-widget elementor-widget-heading\" data-id=\"45047108\" data-element_type=\"widget\" data-e-type=\"widget\" id=\"job_position_id_source\" data-widget_type=\"heading.default\">\n\t\t\t\t<div class=\"elementor-widget-container\">\n\t\t\t\t\t<h2 class=\"elementor-heading-title elementor-size-default\">[page_name]<\/h2>\t\t\t\t<\/div>\n\t\t\t\t<\/div>\n\t\t\t\t\t<\/div>\n\t\t\t\t<\/div>\n\t\t\t\t\t<\/div>\n\t\t\t\t<\/div>\n\t\t\t\t<\/div>\n\t\t","protected":false},"excerpt":{"rendered":"<p>Zur\u00fcck zur \u00dcbersicht Team Lead Growth (m\/w\/x)\u200b Start: Oktober 2024 Wer sind wir? Wir sind ein junges Cleantech-Startup aus M\u00fcnchen, welches eine Software f\u00fcr intelligente Stromz\u00e4hler, dynamische Stromtarife und andere IoT Ger\u00e4te entwickelt hat. Unsere Mission ist es, durch zweckorientierte Datenanalysen Funktionen zu entwickeln, die Unternehmen und Haushalten dabei helfen Energie, Kosten und CO2 zu [&hellip;]<\/p>\n","protected":false},"author":81,"featured_media":0,"parent":0,"menu_order":0,"comment_status":"closed","ping_status":"closed","template":"","meta":{"_acf_changed":false,"footnotes":""},"class_list":["post-14278","page","type-page","status-publish","hentry"],"yoast_head":"<!-- This site is optimized with the Yoast SEO plugin v27.3 - https:\/\/yoast.com\/product\/yoast-seo-wordpress\/ -->\n<title>Z\u00e4hlerfreunde Team Lead Growth - Enpulse<\/title>\n<meta name=\"robots\" content=\"noindex, follow, max-snippet:-1, max-image-preview:large, max-video-preview:-1\" \/>\n<meta property=\"og:locale\" content=\"en_US\" \/>\n<meta property=\"og:type\" content=\"article\" \/>\n<meta property=\"og:title\" content=\"Z\u00e4hlerfreunde Team Lead Growth - Enpulse\" \/>\n<meta property=\"og:description\" content=\"Zur\u00fcck zur \u00dcbersicht Team Lead Growth (m\/w\/x)\u200b Start: Oktober 2024 Wer sind wir? Wir sind ein junges Cleantech-Startup aus M\u00fcnchen, welches eine Software f\u00fcr intelligente Stromz\u00e4hler, dynamische Stromtarife und andere IoT Ger\u00e4te entwickelt hat. Unsere Mission ist es, durch zweckorientierte Datenanalysen Funktionen zu entwickeln, die Unternehmen und Haushalten dabei helfen Energie, Kosten und CO2 zu [&hellip;]\" \/>\n<meta property=\"og:url\" content=\"https:\/\/testing.enpulse.io\/en\/zahlerfreunde-team-lead-growth\/\" \/>\n<meta property=\"og:site_name\" content=\"Enpulse\" \/>\n<meta property=\"article:modified_time\" content=\"2024-08-30T10:50:50+00:00\" \/>\n<meta name=\"twitter:card\" content=\"summary_large_image\" \/>\n<meta name=\"twitter:label1\" content=\"Est. reading time\" \/>\n\t<meta name=\"twitter:data1\" content=\"2 minutes\" \/>\n<script type=\"application\/ld+json\" class=\"yoast-schema-graph\">{\"@context\":\"https:\\\/\\\/schema.org\",\"@graph\":[{\"@type\":\"WebPage\",\"@id\":\"https:\\\/\\\/testing.enpulse.io\\\/zahlerfreunde-team-lead-growth\\\/\",\"url\":\"https:\\\/\\\/testing.enpulse.io\\\/zahlerfreunde-team-lead-growth\\\/\",\"name\":\"Z\u00e4hlerfreunde Team Lead Growth - Enpulse\",\"isPartOf\":{\"@id\":\"https:\\\/\\\/testing.enpulse.io\\\/#website\"},\"datePublished\":\"2024-08-30T10:43:25+00:00\",\"dateModified\":\"2024-08-30T10:50:50+00:00\",\"breadcrumb\":{\"@id\":\"https:\\\/\\\/testing.enpulse.io\\\/zahlerfreunde-team-lead-growth\\\/#breadcrumb\"},\"inLanguage\":\"en-US\",\"potentialAction\":[{\"@type\":\"ReadAction\",\"target\":[\"https:\\\/\\\/testing.enpulse.io\\\/zahlerfreunde-team-lead-growth\\\/\"]}]},{\"@type\":\"BreadcrumbList\",\"@id\":\"https:\\\/\\\/testing.enpulse.io\\\/zahlerfreunde-team-lead-growth\\\/#breadcrumb\",\"itemListElement\":[{\"@type\":\"ListItem\",\"position\":1,\"name\":\"Startseite\",\"item\":\"https:\\\/\\\/testing.enpulse.io\\\/\"},{\"@type\":\"ListItem\",\"position\":2,\"name\":\"Z\u00e4hlerfreunde Team Lead Growth\"}]},{\"@type\":\"WebSite\",\"@id\":\"https:\\\/\\\/testing.enpulse.io\\\/#website\",\"url\":\"https:\\\/\\\/testing.enpulse.io\\\/\",\"name\":\"Enpulse\",\"description\":\"\",\"publisher\":{\"@id\":\"https:\\\/\\\/testing.enpulse.io\\\/#organization\"},\"potentialAction\":[{\"@type\":\"SearchAction\",\"target\":{\"@type\":\"EntryPoint\",\"urlTemplate\":\"https:\\\/\\\/testing.enpulse.io\\\/?s={search_term_string}\"},\"query-input\":{\"@type\":\"PropertyValueSpecification\",\"valueRequired\":true,\"valueName\":\"search_term_string\"}}],\"inLanguage\":\"en-US\"},{\"@type\":\"Organization\",\"@id\":\"https:\\\/\\\/testing.enpulse.io\\\/#organization\",\"name\":\"Enpulse\",\"url\":\"https:\\\/\\\/testing.enpulse.io\\\/\",\"logo\":{\"@type\":\"ImageObject\",\"inLanguage\":\"en-US\",\"@id\":\"https:\\\/\\\/testing.enpulse.io\\\/#\\\/schema\\\/logo\\\/image\\\/\",\"url\":\"https:\\\/\\\/testing.enpulse.io\\\/wp-content\\\/uploads\\\/2022\\\/03\\\/logo.svg\",\"contentUrl\":\"https:\\\/\\\/testing.enpulse.io\\\/wp-content\\\/uploads\\\/2022\\\/03\\\/logo.svg\",\"width\":1081,\"height\":300,\"caption\":\"Enpulse\"},\"image\":{\"@id\":\"https:\\\/\\\/testing.enpulse.io\\\/#\\\/schema\\\/logo\\\/image\\\/\"}}]}<\/script>\n<!-- \/ Yoast SEO plugin. -->","yoast_head_json":{"title":"Z\u00e4hlerfreunde Team Lead Growth - Enpulse","robots":{"index":"noindex","follow":"follow","max-snippet":"max-snippet:-1","max-image-preview":"max-image-preview:large","max-video-preview":"max-video-preview:-1"},"og_locale":"en_US","og_type":"article","og_title":"Z\u00e4hlerfreunde Team Lead Growth - Enpulse","og_description":"Zur\u00fcck zur \u00dcbersicht Team Lead Growth (m\/w\/x)\u200b Start: Oktober 2024 Wer sind wir? Wir sind ein junges Cleantech-Startup aus M\u00fcnchen, welches eine Software f\u00fcr intelligente Stromz\u00e4hler, dynamische Stromtarife und andere IoT Ger\u00e4te entwickelt hat. Unsere Mission ist es, durch zweckorientierte Datenanalysen Funktionen zu entwickeln, die Unternehmen und Haushalten dabei helfen Energie, Kosten und CO2 zu [&hellip;]","og_url":"https:\/\/testing.enpulse.io\/en\/zahlerfreunde-team-lead-growth\/","og_site_name":"Enpulse","article_modified_time":"2024-08-30T10:50:50+00:00","twitter_card":"summary_large_image","twitter_misc":{"Est. reading time":"2 minutes"},"schema":{"@context":"https:\/\/schema.org","@graph":[{"@type":"WebPage","@id":"https:\/\/testing.enpulse.io\/zahlerfreunde-team-lead-growth\/","url":"https:\/\/testing.enpulse.io\/zahlerfreunde-team-lead-growth\/","name":"Z\u00e4hlerfreunde Team Lead Growth - Enpulse","isPartOf":{"@id":"https:\/\/testing.enpulse.io\/#website"},"datePublished":"2024-08-30T10:43:25+00:00","dateModified":"2024-08-30T10:50:50+00:00","breadcrumb":{"@id":"https:\/\/testing.enpulse.io\/zahlerfreunde-team-lead-growth\/#breadcrumb"},"inLanguage":"en-US","potentialAction":[{"@type":"ReadAction","target":["https:\/\/testing.enpulse.io\/zahlerfreunde-team-lead-growth\/"]}]},{"@type":"BreadcrumbList","@id":"https:\/\/testing.enpulse.io\/zahlerfreunde-team-lead-growth\/#breadcrumb","itemListElement":[{"@type":"ListItem","position":1,"name":"Startseite","item":"https:\/\/testing.enpulse.io\/"},{"@type":"ListItem","position":2,"name":"Z\u00e4hlerfreunde Team Lead Growth"}]},{"@type":"WebSite","@id":"https:\/\/testing.enpulse.io\/#website","url":"https:\/\/testing.enpulse.io\/","name":"Enpulse","description":"","publisher":{"@id":"https:\/\/testing.enpulse.io\/#organization"},"potentialAction":[{"@type":"SearchAction","target":{"@type":"EntryPoint","urlTemplate":"https:\/\/testing.enpulse.io\/?s={search_term_string}"},"query-input":{"@type":"PropertyValueSpecification","valueRequired":true,"valueName":"search_term_string"}}],"inLanguage":"en-US"},{"@type":"Organization","@id":"https:\/\/testing.enpulse.io\/#organization","name":"Enpulse","url":"https:\/\/testing.enpulse.io\/","logo":{"@type":"ImageObject","inLanguage":"en-US","@id":"https:\/\/testing.enpulse.io\/#\/schema\/logo\/image\/","url":"https:\/\/testing.enpulse.io\/wp-content\/uploads\/2022\/03\/logo.svg","contentUrl":"https:\/\/testing.enpulse.io\/wp-content\/uploads\/2022\/03\/logo.svg","width":1081,"height":300,"caption":"Enpulse"},"image":{"@id":"https:\/\/testing.enpulse.io\/#\/schema\/logo\/image\/"}}]}},"acf":[],"_links":{"self":[{"href":"https:\/\/testing.enpulse.io\/en\/wp-json\/wp\/v2\/pages\/14278","targetHints":{"allow":["GET"]}}],"collection":[{"href":"https:\/\/testing.enpulse.io\/en\/wp-json\/wp\/v2\/pages"}],"about":[{"href":"https:\/\/testing.enpulse.io\/en\/wp-json\/wp\/v2\/types\/page"}],"author":[{"embeddable":true,"href":"https:\/\/testing.enpulse.io\/en\/wp-json\/wp\/v2\/users\/81"}],"replies":[{"embeddable":true,"href":"https:\/\/testing.enpulse.io\/en\/wp-json\/wp\/v2\/comments?post=14278"}],"version-history":[{"count":0,"href":"https:\/\/testing.enpulse.io\/en\/wp-json\/wp\/v2\/pages\/14278\/revisions"}],"wp:attachment":[{"href":"https:\/\/testing.enpulse.io\/en\/wp-json\/wp\/v2\/media?parent=14278"}],"curies":[{"name":"wp","href":"https:\/\/api.w.org\/{rel}","templated":true}]}}